{"id":15370,"date":"2019-06-16T19:20:53","date_gmt":"2019-06-16T17:20:53","guid":{"rendered":"https:\/\/www.inamariaschmid.com?page_id=15370"},"modified":"2021-12-08T14:55:43","modified_gmt":"2021-12-08T13:55:43","slug":"impressum-2","status":"publish","type":"page","link":"https:\/\/www.inamariaschmid.com\/?page_id=15370","title":{"rendered":"Impressum"},"content":{"rendered":"<p>[vc_row][vc_column width=&#8220;1\/1&#8243;][vc_column_text]Impressum\/Offenlegung nach dem MedienG\/ Kennzeichnung nach UGB und ECG:<br \/>\nInformationspflichten gem\u00e4\u00df \u00a7 5 E-Commerce-Gesetz<br \/>\nOffenlegungspflicht gem\u00e4\u00df \u00a7 14 UGB<\/p>\n<p>&nbsp;<\/p>\n<p>Die Verantwortung f\u00fcr die Inhalte dieser Website liegen bei IMS Europe-Nail Vertriebs GmbH.<br \/>\nWir \u00fcbernehmen keine Verantwortung f\u00fcr externe Inhalte, auf die wir mittels Hyperlink verweisen.<br \/>\nAlle Informationen erfolgen nach besten Wissen und Gewissen.<br \/>\nSollte uns dennoch ein Fehler passiert sein, bedauern wir dies, k\u00f6nnen f\u00fcr diesen Fall aber leider keine Haftung \u00fcbernehmen.<br \/>\nAuch machen wir darauf aufmerksam, dass wir unser Informationsangebot aus Gr\u00fcnden der Aktualisierung laufend \u00e4ndern.<\/p>\n<p>Der Inhalt dieser Seiten ist urheberrechtlich gesch\u00fctzt.\u00a0<strong>\u00a9 IMS Europe-Nail Vertriebs GmbH<\/strong><\/p>\n<p>&nbsp;<\/p>\n<p><strong>Firma\/Medieninhaber\/(Herausgeber):<\/strong>\u00a0IMS Europe-Nail Vertriebs GmbH<br \/>\n<strong>Rechtsform:<\/strong>\u00a0Gesellschaft mit beschr\u00e4nkter Haftung<br \/>\n<strong>Unternehmensgegenstand:<\/strong>\u00a0Handel<br \/>\n<strong>Sitz:<\/strong>\u00a0Brauhausgasse 18, 9500 Villach, \u00d6sterreich<\/p>\n<p>Tel.: (+43) 4242-22 22 5<br \/>\nTel.: (+43) 4254- 25 733<\/p>\n<p>E-mail:\u00a0<span id=\"cloakdcb3f7f7dd406b03c87629a764b101b8\"><a href=\"mailto:office@imseurope.com\">office@imseurope.com<\/a><\/span><\/p>\n<p><strong>OeNB Identnummer:<\/strong>\u00a04611195<\/p>\n<p><strong>Eori Nummer:<\/strong>\u00a0ATEOS1000011898<\/p>\n<p><strong>Firmenbuchnummer:<\/strong>\u00a0193489v<\/p>\n<p><strong>Firmenbuchgericht:<\/strong>\u00a0Klagenfurt<\/p>\n<p><strong>Aufsichtsbeh\u00f6rde:<\/strong>\u00a0Magistrat villach als Gewerbebeh\u00f6rde<\/p>\n<p><strong>Kammer:<\/strong>\u00a0Wirtschaftskammer K\u00e4rnten<\/p>\n<p><strong>UID-Nummer:<\/strong>\u00a0ATU 49090102<\/p>\n<p><strong>Gesch\u00e4ftsf\u00fchrer:<\/strong> Dr. KoR Dipl.BW Ina Maria Schmid MBA[\/vc_column_text][\/vc_column][\/vc_row]<\/p>\n","protected":false},"excerpt":{"rendered":"<p>[vc_row][vc_column width=&#8220;1\/1&#8243;][vc_column_text]Impressum\/Offenlegung nach dem MedienG\/ Kennzeichnung nach UGB und ECG: Informationspflichten gem\u00e4\u00df \u00a7 5 E-Commerce-Gesetz Offenlegungspflicht gem\u00e4\u00df \u00a7 14 UGB &nbsp; Die Verantwortung f\u00fcr die Inhalte dieser Website liegen bei IMS Europe-Nail Vertriebs GmbH. Wir \u00fcbernehmen keine Verantwortung f\u00fcr externe Inhalte, auf die wir mittels Hyperlink verweisen. Alle Informationen erfolgen nach besten Wissen und Gewissen. Sollte uns dennoch ein Fehler passiert sein, bedauern wir dies, k\u00f6nnen f\u00fcr diesen Fall aber leider keine Haftung \u00fcbernehmen. Auch machen wir darauf aufmerksam, dass wir unser Informationsangebot aus Gr\u00fcnden der Aktualisierung laufend \u00e4ndern. Der Inhalt dieser Seiten ist urheberrechtlich gesch\u00fctzt.\u00a0\u00a9 IMS Europe-Nail Vertriebs GmbH &nbsp; Firma\/Medieninhaber\/(Herausgeber):\u00a0IMS Europe-Nail Vertriebs GmbH Rechtsform:\u00a0Gesellschaft mit beschr\u00e4nkter Haftung Unternehmensgegenstand:\u00a0Handel Sitz:\u00a0Brauhausgasse 18, 9500 Villach, \u00d6sterreich Tel.: (+43) 4242-22 22 5 Tel.: (+43) 4254- 25 733 E-mail:\u00a0office@imseurope.com OeNB Identnummer:\u00a04611195 Eori Nummer:\u00a0ATEOS1000011898 Firmenbuchnummer:\u00a0193489v Firmenbuchgericht:\u00a0Klagenfurt Aufsichtsbeh\u00f6rde:\u00a0Magistrat villach als Gewerbebeh\u00f6rde Kammer:\u00a0Wirtschaftskammer K\u00e4rnten UID-Nummer:\u00a0ATU 49090102 Gesch\u00e4ftsf\u00fchrer: Dr. KoR Dipl.BW Ina Maria Schmid MBA[\/vc_column_text][\/vc_column][\/vc_row]<\/p>\n","protected":false},"author":1,"featured_media":0,"parent":0,"menu_order":0,"comment_status":"closed","ping_status":"closed","template":"","meta":{"footnotes":""},"_links":{"self":[{"href":"https:\/\/www.inamariaschmid.com\/index.php?rest_route=\/wp\/v2\/pages\/15370"}],"collection":[{"href":"https:\/\/www.inamariaschmid.com\/index.php?rest_route=\/wp\/v2\/pages"}],"about":[{"href":"https:\/\/www.inamariaschmid.com\/index.php?rest_route=\/wp\/v2\/types\/page"}],"author":[{"embeddable":true,"href":"https:\/\/www.inamariaschmid.com\/index.php?rest_route=\/wp\/v2\/users\/1"}],"replies":[{"embeddable":true,"href":"https:\/\/www.inamariaschmid.com\/index.php?rest_route=%2Fwp%2Fv2%2Fcomments&post=15370"}],"version-history":[{"count":3,"href":"https:\/\/www.inamariaschmid.com\/index.php?rest_route=\/wp\/v2\/pages\/15370\/revisions"}],"predecessor-version":[{"id":16363,"href":"https:\/\/www.inamariaschmid.com\/index.php?rest_route=\/wp\/v2\/pages\/15370\/revisions\/16363"}],"wp:attachment":[{"href":"https:\/\/www.inamariaschmid.com\/index.php?rest_route=%2Fwp%2Fv2%2Fmedia&parent=15370"}],"curies":[{"name":"wp","href":"https:\/\/api.w.org\/{rel}","templated":true}]}}